{"id":21,"date":"2019-02-22T22:15:57","date_gmt":"2019-02-22T22:15:57","guid":{"rendered":"http:\/\/thebakingdays.com\/?page_id=21"},"modified":"2021-10-25T11:16:14","modified_gmt":"2021-10-25T11:16:14","slug":"om-the-baking-days","status":"publish","type":"page","link":"https:\/\/thebakingdays.com\/index.php\/om-the-baking-days\/","title":{"rendered":"Om the baking days"},"content":{"rendered":"\t\t<div data-elementor-type=\"wp-post\" data-elementor-id=\"21\" class=\"elementor elementor-21\" data-elementor-settings=\"[]\">\n\t\t\t\t\t\t<div class=\"elementor-inner\">\n\t\t\t\t\t\t\t<div class=\"elementor-section-wrap\">\n\t\t\t\t\t\t\t<section class=\"elementor-section elementor-top-section elementor-element elementor-element-53e88af elementor-section-boxed elementor-section-height-default elementor-section-height-default\" data-id=\"53e88af\" data-element_type=\"section\">\n\t\t\t\t\t\t<div class=\"elementor-container elementor-column-gap-no\">\n\t\t\t\t\t\t\t<div class=\"elementor-row\">\n\t\t\t\t\t<div class=\"elementor-column elementor-col-50 elementor-top-column elementor-element elementor-element-50faf6d\" data-id=\"50faf6d\" data-element_type=\"column\">\n\t\t\t<div class=\"elementor-column-wrap elementor-element-populated\">\n\t\t\t\t\t\t\t<div class=\"elementor-widget-wrap\">\n\t\t\t\t\t\t<div class=\"elementor-element elementor-element-bb87357 elementor-widget elementor-widget-image\" data-id=\"bb87357\" data-element_type=\"widget\" data-widget_type=\"image.default\">\n\t\t\t\t<div class=\"elementor-widget-container\">\n\t\t\t\t\t\t\t\t<div class=\"elementor-image\">\n\t\t\t\t\t\t\t\t\t\t\t\t<img width=\"1139\" height=\"1015\" src=\"https:\/\/thebakingdays.com\/wp-content\/uploads\/2019\/02\/hei6.jpeg\" class=\"attachment-full size-full\" alt=\"\" loading=\"lazy\" srcset=\"https:\/\/thebakingdays.com\/wp-content\/uploads\/2019\/02\/hei6.jpeg 1139w, https:\/\/thebakingdays.com\/wp-content\/uploads\/2019\/02\/hei6-300x267.jpeg 300w, https:\/\/thebakingdays.com\/wp-content\/uploads\/2019\/02\/hei6-768x684.jpeg 768w, https:\/\/thebakingdays.com\/wp-content\/uploads\/2019\/02\/hei6-1024x913.jpeg 1024w\" sizes=\"(max-width: 1139px) 100vw, 1139px\" \/>\t\t\t\t\t\t\t\t\t\t\t\t\t\t<\/div>\n\t\t\t\t\t\t<\/div>\n\t\t\t\t<\/div>\n\t\t\t\t\t\t<\/div>\n\t\t\t\t\t<\/div>\n\t\t<\/div>\n\t\t\t\t<div class=\"elementor-column elementor-col-50 elementor-top-column elementor-element elementor-element-ce5fb84\" data-id=\"ce5fb84\" data-element_type=\"column\" data-settings=\"{&quot;background_background&quot;:&quot;classic&quot;}\">\n\t\t\t<div class=\"elementor-column-wrap elementor-element-populated\">\n\t\t\t\t\t\t\t<div class=\"elementor-widget-wrap\">\n\t\t\t\t\t\t<section class=\"elementor-section elementor-inner-section elementor-element elementor-element-bbd5957 elementor-reverse-mobile elementor-section-boxed elementor-section-height-default elementor-section-height-default\" data-id=\"bbd5957\" data-element_type=\"section\">\n\t\t\t\t\t\t<div class=\"elementor-container elementor-column-gap-default\">\n\t\t\t\t\t\t\t<div class=\"elementor-row\">\n\t\t\t\t\t<div class=\"elementor-column elementor-col-100 elementor-inner-column elementor-element elementor-element-3924829\" data-id=\"3924829\" data-element_type=\"column\" data-settings=\"{&quot;background_background&quot;:&quot;classic&quot;}\">\n\t\t\t<div class=\"elementor-column-wrap elementor-element-populated\">\n\t\t\t\t\t\t\t<div class=\"elementor-widget-wrap\">\n\t\t\t\t\t\t<div class=\"elementor-element elementor-element-4fe8ef7 elementor-widget elementor-widget-text-editor\" data-id=\"4fe8ef7\" data-element_type=\"widget\" data-widget_type=\"text-editor.default\">\n\t\t\t\t<div class=\"elementor-widget-container\">\n\t\t\t\t\t\t\t\t<div class=\"elementor-text-editor elementor-clearfix\">\n\t\t\t\t\t<p>Hei og velkommen til thebakingdays!<\/p><p>Denne siden er drevet av meg, en jente p\u00e5 25 \u00e5r fra en liten bygd ca. 45 minutter fra Oslo.\u00a0 Jeg er sykepleier om dagen og baker om natten. Neida. Men baking er en stor hobby, som jeg finner mye glede i. Bakeinteressen begynte p\u00e5 ungdomsskolen og jeg har siden da elsket \u00e5 eksperimentere med nye smaker og oppskrifter. Det er gjennom baking jeg f\u00e5r ut kreativiteten min og jeg elsker f\u00f8lelsen av mestring n\u00e5r jeg lykkes med en ny oppskrift. Det er s\u00e5 g\u00f8y n\u00e5r noe jeg har forestilt meg i hodet mitt faktisk blir bra i virkeligheten.<\/p><p><span style=\"letter-spacing: 0px;\">Dette er en nettside hvor jeg legger ut oppskrifter av det jeg baker. H\u00e5per du blir inspirert! God baking!<\/span><\/p>\t\t\t\t\t<\/div>\n\t\t\t\t\t\t<\/div>\n\t\t\t\t<\/div>\n\t\t\t\t\t\t<\/div>\n\t\t\t\t\t<\/div>\n\t\t<\/div>\n\t\t\t\t\t\t\t\t<\/div>\n\t\t\t\t\t<\/div>\n\t\t<\/section>\n\t\t\t\t\t\t<\/div>\n\t\t\t\t\t<\/div>\n\t\t<\/div>\n\t\t\t\t\t\t\t\t<\/div>\n\t\t\t\t\t<\/div>\n\t\t<\/section>\n\t\t\t\t<section class=\"elementor-section elementor-top-section elementor-element elementor-element-5b71ee95 elementor-section-boxed elementor-section-height-default elementor-section-height-default\" data-id=\"5b71ee95\" data-element_type=\"section\">\n\t\t\t\t\t\t<div class=\"elementor-container elementor-column-gap-no\">\n\t\t\t\t\t\t\t<div class=\"elementor-row\">\n\t\t\t\t\t<div class=\"elementor-column elementor-col-100 elementor-top-column elementor-element elementor-element-6d47cc1\" data-id=\"6d47cc1\" data-element_type=\"column\">\n\t\t\t<div class=\"elementor-column-wrap\">\n\t\t\t\t\t\t\t<div class=\"elementor-widget-wrap\">\n\t\t\t\t\t\t\t\t<\/div>\n\t\t\t\t\t<\/div>\n\t\t<\/div>\n\t\t\t\t\t\t\t\t<\/div>\n\t\t\t\t\t<\/div>\n\t\t<\/section>\n\t\t\t\t\t\t<\/div>\n\t\t\t\t\t\t<\/div>\n\t\t\t\t\t<\/div>\n\t\t","protected":false},"excerpt":{"rendered":"<p>Hei og velkommen til thebakingdays! Denne siden er drevet av meg, en jente p\u00e5 25 \u00e5r fra en liten bygd ca. 45 minutter fra Oslo.\u00a0 Jeg er sykepleier om dagen og baker om natten. Neida. Men baking er en stor hobby, som jeg finner mye glede i. Bakeinteressen begynte p\u00e5 ungdomsskolen og jeg har siden da elsket \u00e5 eksperimentere med nye smaker og oppskrifter. Det er gjennom baking jeg f\u00e5r ut kreativiteten min og jeg elsker f\u00f8lelsen av mestring n\u00e5r jeg lykkes med en ny oppskrift. Det er s\u00e5 g\u00f8y n\u00e5r noe jeg har forestilt meg i hodet mitt faktisk blir bra i virkeligheten. Dette er en nettside hvor jeg legger ut oppskrifter av det jeg baker. H\u00e5per du blir inspirert! God baking!<\/p>\n","protected":false},"author":1,"featured_media":0,"parent":0,"menu_order":0,"comment_status":"closed","ping_status":"closed","template":"elementor_header_footer","meta":{"spay_email":""},"_links":{"self":[{"href":"https:\/\/thebakingdays.com\/index.php\/wp-json\/wp\/v2\/pages\/21"}],"collection":[{"href":"https:\/\/thebakingdays.com\/index.php\/wp-json\/wp\/v2\/pages"}],"about":[{"href":"https:\/\/thebakingdays.com\/index.php\/wp-json\/wp\/v2\/types\/page"}],"author":[{"embeddable":true,"href":"https:\/\/thebakingdays.com\/index.php\/wp-json\/wp\/v2\/users\/1"}],"replies":[{"embeddable":true,"href":"https:\/\/thebakingdays.com\/index.php\/wp-json\/wp\/v2\/comments?post=21"}],"version-history":[{"count":12,"href":"https:\/\/thebakingdays.com\/index.php\/wp-json\/wp\/v2\/pages\/21\/revisions"}],"predecessor-version":[{"id":2380,"href":"https:\/\/thebakingdays.com\/index.php\/wp-json\/wp\/v2\/pages\/21\/revisions\/2380"}],"wp:attachment":[{"href":"https:\/\/thebakingdays.com\/index.php\/wp-json\/wp\/v2\/media?parent=21"}],"curies":[{"name":"wp","href":"https:\/\/api.w.org\/{rel}","templated":true}]}}